{"id":375,"date":"2017-07-18T07:51:49","date_gmt":"2017-07-18T07:51:49","guid":{"rendered":"http:\/\/www.addfinwealth.com\/partner\/"},"modified":"2017-12-11T16:52:45","modified_gmt":"2017-12-11T16:52:45","slug":"partner","status":"publish","type":"page","link":"https:\/\/www.addfinwealth.com\/de\/partner\/","title":{"rendered":"Partner"},"content":{"rendered":"<p>[et_pb_section admin_label=&#8220;Section&#8220; fullwidth=&#8220;off&#8220; specialty=&#8220;off&#8220;][et_pb_row admin_label=&#8220;Row&#8220;][et_pb_column type=&#8220;4_4&#8243;][et_pb_text admin_label=&#8220;Text&#8220; background_layout=&#8220;light&#8220; text_orientation=&#8220;left&#8220; use_border_color=&#8220;off&#8220; border_color=&#8220;#ffffff&#8220; border_style=&#8220;solid&#8220; text_text_color=&#8220;#323745&#8243;]<\/p>\n<h2 class=\"font_2\"><span class=\"color_11\">PARTNERS<\/span><\/h2>\n<div class=\" et_pb_row et_pb_row_0\">\n<div class=\"et_pb_column et_pb_column_4_4 et_pb_column_0\">\n<div class=\"et_pb_text et_pb_module et_pb_bg_layout_light et_pb_text_align_left et_pb_text_0\">\n<p class=\"font_8\"><span class=\"color_11\">Tun Sie das, was Sie am besten k\u00f6nnen und kommen sie mit anderen zusammen, die genauso denken wie Sie. ADDFIN kooperiert mit einer begrenzten Anzahl von strategischen Partnern, um Ihnen die optimale Kombination von Professionalit\u00e4t, Verpflichtung und Geschick zu bieten. Hier erfahren Sie mehr \u00fcber unsere Partner:<\/span><\/p>\n<\/div>\n<\/div>\n<\/div>\n<p class=\"font_8\"><span class=\"color_11\">\u00a0<\/span><\/p>\n<p>[\/et_pb_text][\/et_pb_column][\/et_pb_row][\/et_pb_section][et_pb_section admin_label=&#8220;section&#8220; transparent_background=&#8220;off&#8220; background_color=&#8220;#323745&#8243; allow_player_pause=&#8220;off&#8220; inner_shadow=&#8220;off&#8220; parallax=&#8220;off&#8220; parallax_method=&#8220;off&#8220; padding_mobile=&#8220;off&#8220; make_fullwidth=&#8220;off&#8220; use_custom_width=&#8220;off&#8220; width_unit=&#8220;on&#8220; make_equal=&#8220;off&#8220; use_custom_gutter=&#8220;off&#8220;][et_pb_row admin_label=&#8220;row&#8220;][et_pb_column type=&#8220;1_4&#8243;][et_pb_image admin_label=&#8220;Image&#8220; src=&#8220;https:\/\/www.addfinwealth.com\/wp-content\/uploads\/2016\/06\/BDO_logo_white_290709.png&#8220; show_in_lightbox=&#8220;off&#8220; url=&#8220;https:\/\/www.bdo.ch&#8220; url_new_window=&#8220;on&#8220; use_overlay=&#8220;off&#8220; animation=&#8220;left&#8220; sticky=&#8220;off&#8220; align=&#8220;left&#8220; force_fullwidth=&#8220;off&#8220; always_center_on_mobile=&#8220;on&#8220; use_border_color=&#8220;off&#8220; border_color=&#8220;#ffffff&#8220; border_style=&#8220;solid&#8220;] [\/et_pb_image][\/et_pb_column][et_pb_column type=&#8220;3_4&#8243;][et_pb_text admin_label=&#8220;BDO&#8220; background_layout=&#8220;dark&#8220; text_orientation=&#8220;left&#8220; use_border_color=&#8220;off&#8220; border_color=&#8220;#ffffff&#8220; border_style=&#8220;solid&#8220;]<\/p>\n<h2 class=\"font_2\">BDO AG<\/h2>\n<p>BDO ist eine der f\u00fchrenden Wirtschaftspr\u00fcfungs-, Treuhand- und Beratungsgesellschaften der Schweiz. Mit 33 Niederlassungen verf\u00fcgt BDO \u00fcber das dichteste Filialnetz der Branche. N\u00e4he und Kompetenz gelten bei BDO als wichtige Voraussetzung f\u00fcr eine erfolgreiche und nachhaltige Kundenbeziehung. BDO pr\u00fcft und ber\u00e4t Unternehmen aus Industrie- und Dienstleistungsbereichen; dazu geh\u00f6ren KMU, b\u00f6rsenkotierte Firmen, \u00d6ffentliche Verwaltungen und Non-Profit-Organisationen.<\/p>\n<p class=\"font_8\"><span class=\"color_11\">BDO AG<br \/>\nSchiffbaustrasse 2<br \/>\n8031 Z\u00fcrich<br \/>\nTel. +41 <span class=\"_Xbe _ZWk kno-fv\">44 444 35 55<\/span><br \/>\n<a href=\"http:\/\/www.bdo.ch\">www.bdo.ch<\/a><\/span><\/p>\n<p>[\/et_pb_text][\/et_pb_column][\/et_pb_row][et_pb_row admin_label=&#8220;row&#8220;][et_pb_column type=&#8220;1_4&#8243;][et_pb_image admin_label=&#8220;Image&#8220; src=&#8220;https:\/\/www.addfinwealth.com\/wp-content\/uploads\/2016\/06\/fundinfo2.png&#8220; show_in_lightbox=&#8220;off&#8220; url=&#8220;https:\/\/www.fundinfo.com&#8220; url_new_window=&#8220;on&#8220; use_overlay=&#8220;off&#8220; animation=&#8220;left&#8220; sticky=&#8220;off&#8220; align=&#8220;left&#8220; force_fullwidth=&#8220;off&#8220; always_center_on_mobile=&#8220;on&#8220; use_border_color=&#8220;off&#8220; border_color=&#8220;#ffffff&#8220; border_style=&#8220;solid&#8220;] [\/et_pb_image][\/et_pb_column][et_pb_column type=&#8220;3_4&#8243;][et_pb_text admin_label=&#8220;Fundinfo&#8220; background_layout=&#8220;dark&#8220; text_orientation=&#8220;left&#8220; use_border_color=&#8220;off&#8220; border_color=&#8220;#ffffff&#8220; border_style=&#8220;solid&#8220;]<\/p>\n<h2 class=\"font_2\">FUNDINFO AG<\/h2>\n<p>Informationsanbieter f\u00fcr Fonds<\/p>\n<p class=\"font_8\"><span class=\"color_11\">fundinfo AG<br \/>\nStaffelstrasse 12<br \/>\nPostfach<br \/>\n8045 Z\u00fcrich<br \/>\nSwitzerland<br \/>\nTel: +41 44 286 91 00<br \/>\n<\/span><a href=\"https:\/\/www.fundinfo.com\/\" target=\"_blank\"><span class=\"color_11\">https:\/\/www.fundinfo.com<\/span><\/a><\/p>\n<p>[\/et_pb_text][\/et_pb_column][\/et_pb_row][et_pb_row admin_label=&#8220;row&#8220;][et_pb_column type=&#8220;1_4&#8243;][et_pb_image admin_label=&#8220;Image&#8220; src=&#8220;https:\/\/www.addfinwealth.com\/wp-content\/uploads\/2016\/06\/IMN-Logo-without-subtitle_negative_transparent.png&#8220; show_in_lightbox=&#8220;off&#8220; url=&#8220;www.investmentnavigator.com&#8220; url_new_window=&#8220;on&#8220; use_overlay=&#8220;off&#8220; animation=&#8220;left&#8220; sticky=&#8220;off&#8220; align=&#8220;left&#8220; force_fullwidth=&#8220;off&#8220; always_center_on_mobile=&#8220;on&#8220; use_border_color=&#8220;off&#8220; border_color=&#8220;#ffffff&#8220; border_style=&#8220;solid&#8220;] [\/et_pb_image][\/et_pb_column][et_pb_column type=&#8220;3_4&#8243;][et_pb_text admin_label=&#8220;INVESTMENT NAVIGATOR&#8220; background_layout=&#8220;dark&#8220; text_orientation=&#8220;left&#8220; use_border_color=&#8220;off&#8220; border_color=&#8220;#ffffff&#8220; border_style=&#8220;solid&#8220;]<\/p>\n<h2 class=\"font_2\">INVESTMENT NAVIGATOR<\/h2>\n<p>Mit den modularen, technologiegetriebenen L\u00f6sungen und Beratungsdienstleistungen im Bereich Suitability von Investment Navigator k\u00f6nnen Banken und Verm\u00f6gensverwalter weltweit ihre Beratungs- und Vertriebsprozesse optimieren. Das Unternehmen bietet Suitabiliy-Guidance in Bezug auf regulatorische, steuertechnische, produkt- und angebotsspezifische Anforderungen und Restriktionen. 2014 mit Hauptsitz in Z\u00fcrich gegr\u00fcndet, hat sich Investment Navigator in kurzer Zeit als \u201ego-to\u201c-Adresse f\u00fcr Suitability Frage etabliert.<\/p>\n<p><span class=\"color_11\">Investment Navigator AG<br \/>\nStaffelstrasse 12, Postfach,<br \/>\nCH-8045 Z\u00fcrich<br \/>\n<\/span><span class=\"color_11\">Tel. +41 44 286 90 00<\/span><br \/>\n<a href=\"http:\/\/www.investmentnavigator.com\">www.investmentnavigator.com<\/a> [\/et_pb_text][\/et_pb_column][\/et_pb_row][et_pb_row admin_label=&#8220;row&#8220;][et_pb_column type=&#8220;1_4&#8243;][et_pb_image admin_label=&#8220;Image&#8220; src=&#8220;https:\/\/www.addfinwealth.com\/wp-content\/uploads\/2016\/06\/six_logo_sfi.png&#8220; show_in_lightbox=&#8220;off&#8220; url=&#8220;http:\/\/www.six-financial-information.com&#8220; url_new_window=&#8220;on&#8220; use_overlay=&#8220;off&#8220; animation=&#8220;left&#8220; sticky=&#8220;off&#8220; align=&#8220;left&#8220; force_fullwidth=&#8220;off&#8220; always_center_on_mobile=&#8220;on&#8220; use_border_color=&#8220;off&#8220; border_color=&#8220;#ffffff&#8220; border_style=&#8220;solid&#8220;] [\/et_pb_image][\/et_pb_column][et_pb_column type=&#8220;3_4&#8243;][et_pb_text admin_label=&#8220;SIX&#8220; background_layout=&#8220;dark&#8220; text_orientation=&#8220;left&#8220; use_border_color=&#8220;off&#8220; border_color=&#8220;#ffffff&#8220; border_style=&#8220;solid&#8220;]<\/p>\n<h2 class=\"font_2\">SIX FINANCIAL INFORMATION<\/h2>\n<p>SIX Financial Information ist ein weltweit f\u00fchrender Anbieter von erstklassigen Datendienstleistungen und L\u00f6sungen f\u00fcr Finanz- und Versicherungsunternehmen, Firmen und den Medien. SIX Financial Information aggregiert Daten direkt und in Echtzeit aus \u00fcber 1000 weltweiten Quellen, die alle wichtigen Handelspl\u00e4tze abdecken. Die Finanzinformationen umfassen Referenzdaten, Unternehmensaktionen, Preisgestaltung und Marktdaten f\u00fcr \u00fcber 9 Millionen Wertpapiere und sind in Bezug auf Informationstiefe, -breite und -struktur einzigartig. Finanznachrichten und massgeschneiderte L\u00f6sungen erg\u00e4nzen das Angebot. Mit B\u00fcros in 24 L\u00e4ndern verbindet SIX Financial Information die Vorteile der lokalen Pr\u00e4senz mit globaler Reichweite, um ein umfassendes Datenportfolio mit Branchenkenntnissen f\u00fcr Fachleute anbieten zu k\u00f6nnen, die sich auf Investmentberatung, Portfolio Management, Finanzanalyse und Wertpapierverwaltung spezialisiert haben.<\/p>\n<p>SIX Financial Information geh\u00f6rt zu SIX. Auf globaler Ebene bietet SIX erstklassige Dienstleistungen in den Bereichen Wertpapierhandel, Clearing und Abwicklung sowie Finanzmarktinformationen und Bezahlungen.<br \/>\n<span class=\"color_11\">Weitere Informationen finden Sie unter: <a href=\"http:\/\/www.six-financial-information.com\/\" target=\"_blank\">www.six-financial-information.com<\/a><\/span><\/p>\n<p class=\"font_8\"><span class=\"color_11\">SIX Financial Information &#8211; Head Office Switzerland<br \/>\nHardturmstrasse 201<br \/>\nPostfach 1521<br \/>\n8021 Z\u00fcrich<br \/>\nT: +41 58 399 51 11<br \/>\n<\/span><a href=\"http:\/\/www.six-financial-information.com\/\" target=\"_blank\"><span class=\"color_11\">http:\/\/www.six-financial-information.com<\/span><\/a><\/p>\n<p>[\/et_pb_text][\/et_pb_column][\/et_pb_row][et_pb_row admin_label=&#8220;row&#8220;][et_pb_column type=&#8220;1_4&#8243;][et_pb_image admin_label=&#8220;Image&#8220; src=&#8220;https:\/\/www.addfinwealth.com\/wp-content\/uploads\/2016\/06\/irm2.png&#8220; show_in_lightbox=&#8220;off&#8220; url=&#8220;http:\/\/www.ineichen-rm.com&#8220; url_new_window=&#8220;on&#8220; use_overlay=&#8220;off&#8220; animation=&#8220;left&#8220; sticky=&#8220;off&#8220; align=&#8220;left&#8220; force_fullwidth=&#8220;off&#8220; always_center_on_mobile=&#8220;on&#8220; use_border_color=&#8220;off&#8220; border_color=&#8220;#ffffff&#8220; border_style=&#8220;solid&#8220;] [\/et_pb_image][\/et_pb_column][et_pb_column type=&#8220;3_4&#8243;][et_pb_text admin_label=&#8220;IR&amp;M&#8220; background_layout=&#8220;dark&#8220; text_orientation=&#8220;left&#8220; use_border_color=&#8220;off&#8220; border_color=&#8220;#ffffff&#8220; border_style=&#8220;solid&#8220;]<\/p>\n<h2 class=\"font_2\">IR&amp;M<\/h2>\n<p class=\"font_8\"><span class=\"color_11\">neichen Research and Management ist ein Forschungsunternehmen mit dem Fokus auf Investitionsthemen im Bezug auf absolute Gewinne und Risikomanagement <\/span><\/p>\n<p class=\"font_8\"><span class=\"color_11\">Ineichen Research and Management<br \/>\n<span class=\"color_11\">Im Muesli 16<\/span><br \/>\n<span class=\"color_11\">6315 Oberaegeri<br \/>\nSwitzerland<br \/>\n+41 41 511 24 97<\/span><br \/>\n<\/span><a href=\"http:\/\/www.ineichen-rm.com\/\" target=\"_blank\"><span class=\"color_11\">http:\/\/www.ineichen-rm.com<\/span><\/a><\/p>\n<p>[\/et_pb_text][\/et_pb_column][\/et_pb_row][\/et_pb_section]<\/p>\n","protected":false},"excerpt":{"rendered":"<p>PARTNERS Tun Sie das, was Sie am besten k\u00f6nnen und kommen sie mit anderen zusammen, die genauso denken wie Sie. ADDFIN kooperiert mit einer begrenzten Anzahl von strategischen Partnern, um Ihnen die optimale Kombination von Professionalit\u00e4t, Verpflichtung und Geschick zu bieten. Hier erfahren Sie mehr \u00fcber unsere Partner: \u00a0 BDO AG BDO ist eine der [&hellip;]<\/p>\n","protected":false},"author":2,"featured_media":0,"parent":0,"menu_order":0,"comment_status":"closed","ping_status":"closed","template":"","meta":{"_et_pb_use_builder":"on","_et_pb_old_content":"","_et_gb_content_width":"","_exactmetrics_skip_tracking":false,"_exactmetrics_sitenote_active":false,"_exactmetrics_sitenote_note":"","_exactmetrics_sitenote_category":0,"footnotes":""},"class_list":["post-375","page","type-page","status-publish","hentry"],"_links":{"self":[{"href":"https:\/\/www.addfinwealth.com\/de\/wp-json\/wp\/v2\/pages\/375","targetHints":{"allow":["GET"]}}],"collection":[{"href":"https:\/\/www.addfinwealth.com\/de\/wp-json\/wp\/v2\/pages"}],"about":[{"href":"https:\/\/www.addfinwealth.com\/de\/wp-json\/wp\/v2\/types\/page"}],"author":[{"embeddable":true,"href":"https:\/\/www.addfinwealth.com\/de\/wp-json\/wp\/v2\/users\/2"}],"replies":[{"embeddable":true,"href":"https:\/\/www.addfinwealth.com\/de\/wp-json\/wp\/v2\/comments?post=375"}],"version-history":[{"count":13,"href":"https:\/\/www.addfinwealth.com\/de\/wp-json\/wp\/v2\/pages\/375\/revisions"}],"predecessor-version":[{"id":422,"href":"https:\/\/www.addfinwealth.com\/de\/wp-json\/wp\/v2\/pages\/375\/revisions\/422"}],"wp:attachment":[{"href":"https:\/\/www.addfinwealth.com\/de\/wp-json\/wp\/v2\/media?parent=375"}],"curies":[{"name":"wp","href":"https:\/\/api.w.org\/{rel}","templated":true}]}}