{"id":329,"date":"2017-03-28T14:27:01","date_gmt":"2017-03-28T14:27:01","guid":{"rendered":"http:\/\/www.addfinwealth.com\/home\/"},"modified":"2017-03-28T14:29:54","modified_gmt":"2017-03-28T14:29:54","slug":"home","status":"publish","type":"page","link":"https:\/\/www.addfinwealth.com\/de\/","title":{"rendered":"Home"},"content":{"rendered":"<p>[et_pb_section admin_label=&#8220;section&#8220; fullwidth=&#8220;on&#8220;][et_pb_fullwidth_slider admin_label=&#8220;Fullwidth Slider&#8220; show_arrows=&#8220;on&#8220; show_pagination=&#8220;on&#8220; auto=&#8220;off&#8220; parallax=&#8220;on&#8220; auto_ignore_hover=&#8220;off&#8220; parallax_method=&#8220;off&#8220; remove_inner_shadow=&#8220;off&#8220; background_position=&#8220;default&#8220; background_size=&#8220;default&#8220; hide_content_on_mobile=&#8220;off&#8220; hide_cta_on_mobile=&#8220;off&#8220; show_image_video_mobile=&#8220;off&#8220; custom_button=&#8220;off&#8220; button_letter_spacing=&#8220;0&#8243; button_use_icon=&#8220;default&#8220; button_icon_placement=&#8220;right&#8220; button_on_hover=&#8220;on&#8220; button_letter_spacing_hover=&#8220;0&#8243;] [et_pb_slide heading=&#8220;UNTERST\u00dcTZT VERM\u00d6GENSVERWALTER W\u00c4HREND DES GESAMTEN INVESTMENTPROZESSES&#8220; button_text=&#8220;ENTDECKEN&#8220; button_link=&#8220;#platform&#8220; background_color=&#8220;#dbdbdb&#8220; alignment=&#8220;center&#8220; background_layout=&#8220;dark&#8220; video_bg_width=&#8220;1920&#8243; video_bg_height=&#8220;638&#8243; background_image=&#8220;https:\/\/www.addfinwealth.com\/wp-content\/uploads\/2016\/06\/ADDFIN_iPAD_Coffee-1.png&#8220; background_position=&#8220;default&#8220; background_size=&#8220;contain&#8220; use_bg_overlay=&#8220;on&#8220; bg_overlay_color=&#8220;rgba(0,14,61,0.36)&#8220; use_text_overlay=&#8220;off&#8220; allow_player_pause=&#8220;off&#8220; text_border_radius=&#8220;3&#8243; header_font_select=&#8220;default&#8220; header_font=&#8220;||||&#8220; body_font_select=&#8220;default&#8220; body_font=&#8220;||||&#8220; custom_button=&#8220;off&#8220; button_font_select=&#8220;default&#8220; button_font=&#8220;||||&#8220; button_use_icon=&#8220;default&#8220; button_icon_placement=&#8220;right&#8220; button_on_hover=&#8220;on&#8220;]Wir bieten umfangreiche, auf unsere Kunden zugeschnittene Dienstleistungen und Webl\u00f6sungen an, um aktuelle und zuk\u00fcnftige Herausforderungen im Finanzmarkt bew\u00e4ltigen zu k\u00f6nnen.[\/et_pb_slide][et_pb_slide heading=&#8220;VERWALTEN SIE&#8220; background_color=&#8220;#323745&#8243; image=&#8220;http:\/\/web.addfinwealth.com\/wp-content\/uploads\/2016\/06\/Addfin_Image_3d_1-1.png&#8220; alignment=&#8220;center&#8220; background_layout=&#8220;dark&#8220; background_position=&#8220;default&#8220; background_size=&#8220;default&#8220; use_bg_overlay=&#8220;on&#8220; use_text_overlay=&#8220;off&#8220; allow_player_pause=&#8220;off&#8220; text_border_radius=&#8220;3&#8243; header_font_select=&#8220;default&#8220; header_font=&#8220;||||&#8220; body_font_select=&#8220;default&#8220; body_font=&#8220;||||&#8220; custom_button=&#8220;off&#8220; button_font_select=&#8220;default&#8220; button_font=&#8220;||||&#8220; button_use_icon=&#8220;default&#8220; button_icon_placement=&#8220;right&#8220; button_on_hover=&#8220;on&#8220;]<\/p>\n<h3>IHRE KUNDENBEZIEHUNGEN<\/h3>\n<p>Jeder Aspekt der Entscheidungsfindung wird allein und als Teil des Gesamtprozesses ber\u00fccksichtigt. Durch eine spezifische f\u00fcr Verm\u00f6gensverwalter erstelltes CRM-Tool k\u00f6nnen wir Ihnen helfen, proaktiv alle Stufen Ihrer Arbeit zu unterst\u00fctzen.<\/p>\n<ul>\n<li>CRM &amp; Verkaufssupport<\/li>\n<li>Klarer Onboarding-Prozess<\/li>\n<li>Rechtliche und regularische Konformit\u00e4t<\/li>\n<li>Research &amp; Investment Informationen<\/li>\n<li>Office Management<\/li>\n<li>usw&#8230;<\/li>\n<\/ul>\n<p>[\/et_pb_slide][et_pb_slide heading=&#8220;WERDEN SIE&#8220; background_color=&#8220;#323745&#8243; image=&#8220;http:\/\/web.addfinwealth.com\/wp-content\/uploads\/2016\/06\/Addfin_Image_3d_2.png&#8220; alignment=&#8220;center&#8220; background_layout=&#8220;dark&#8220; background_position=&#8220;default&#8220; background_size=&#8220;default&#8220; use_bg_overlay=&#8220;on&#8220; use_text_overlay=&#8220;off&#8220; allow_player_pause=&#8220;off&#8220; text_border_radius=&#8220;3&#8243; header_font_select=&#8220;default&#8220; header_font=&#8220;||||&#8220; body_font_select=&#8220;default&#8220; body_font=&#8220;||||&#8220; custom_button=&#8220;off&#8220; button_font_select=&#8220;default&#8220; button_font=&#8220;||||&#8220; button_use_icon=&#8220;default&#8220; button_icon_placement=&#8220;right&#8220; button_on_hover=&#8220;on&#8220;]<\/p>\n<h3>COMPLIANCE-PROFI<\/h3>\n<p>Wir reduzieren Ihre Compliance-Aufgaben durch die Kombination von Daten mit Informationen und Logik. ADDFINWEALTH deckt folgende Themen ab:<\/p>\n<ul>\n<li>Identifikation<\/li>\n<li>Erstellung des Risikoprofils<\/li>\n<li>Compliance \u2013 Checklisten<\/li>\n<li>Compliance Workflow<\/li>\n<li>Compliance Dokumentation<\/li>\n<li>PEP Check \/ PIB Informationen<\/li>\n<li>Automatisierte Generation von Compliance-Formularen und -Berichten<\/li>\n<li>Audit-Tracking (\u00c4nderungsprotokoll)<\/li>\n<\/ul>\n<p>[\/et_pb_slide] [\/et_pb_fullwidth_slider][\/et_pb_section][et_pb_section admin_label=&#8220;section&#8220; fullwidth=&#8220;off&#8220; background_color=&#8220;rgba(204,204,204,0.7)&#8220; inner_shadow=&#8220;off&#8220; parallax=&#8220;off&#8220; transparent_background=&#8220;off&#8220; allow_player_pause=&#8220;off&#8220; parallax_method=&#8220;off&#8220; padding_mobile=&#8220;off&#8220; make_fullwidth=&#8220;off&#8220; use_custom_width=&#8220;off&#8220; width_unit=&#8220;on&#8220; make_equal=&#8220;off&#8220; use_custom_gutter=&#8220;off&#8220;][et_pb_row admin_label=&#8220;row&#8220;][et_pb_column type=&#8220;4_4&#8243;][et_pb_text admin_label=&#8220;Text&#8220; background_layout=&#8220;light&#8220; text_orientation=&#8220;center&#8220; use_border_color=&#8220;off&#8220; border_color=&#8220;#ffffff&#8220; border_style=&#8220;solid&#8220; text_font_size=&#8220;16&#8243;]<\/p>\n<h1 id=\"platform\">MASSGESCHNEIDERTE VERM\u00d6GENSVERWALTUNGS-L\u00d6SUNG<\/h1>\n<p>Mit ADDFINWEALTH profitieren professionelle Investoren wie unabh\u00e4ngige Asset-Manager von einer einzigartigen, webbasierten Informations- und Transaktionsplattform, die es ihnen erm\u00f6glicht, die aktuellen und zuk\u00fcnftigen Herausforderungen sicher, effizient und kundenorientiert zu bew\u00e4ltigen[\/et_pb_text][\/et_pb_column][\/et_pb_row][et_pb_row admin_label=&#8220;row&#8220; make_fullwidth=&#8220;off&#8220; use_custom_width=&#8220;on&#8220; width_unit=&#8220;off&#8220; custom_width_percent=&#8220;50%&#8220; use_custom_gutter=&#8220;off&#8220; padding_mobile=&#8220;off&#8220; allow_player_pause=&#8220;off&#8220; parallax=&#8220;off&#8220; parallax_method=&#8220;off&#8220; make_equal=&#8220;off&#8220; parallax_1=&#8220;off&#8220; parallax_method_1=&#8220;off&#8220; column_padding_mobile=&#8220;on&#8220;][et_pb_column type=&#8220;4_4&#8243;][et_pb_image admin_label=&#8220;Image&#8220; src=&#8220;http:\/\/web.addfinwealth.com\/wp-content\/uploads\/2016\/06\/Addfin_Image_3d_1-1.png&#8220; url_new_window=&#8220;off&#8220; animation=&#8220;off&#8220; show_in_lightbox=&#8220;off&#8220; use_overlay=&#8220;off&#8220; sticky=&#8220;off&#8220; align=&#8220;left&#8220; force_fullwidth=&#8220;off&#8220; always_center_on_mobile=&#8220;on&#8220; use_border_color=&#8220;off&#8220; border_color=&#8220;#ffffff&#8220; border_style=&#8220;solid&#8220;] [\/et_pb_image][\/et_pb_column][\/et_pb_row][et_pb_row admin_label=&#8220;row&#8220;][et_pb_column type=&#8220;1_3&#8243;][et_pb_text admin_label=&#8220;Application&#8220; background_layout=&#8220;light&#8220; text_orientation=&#8220;left&#8220; use_border_color=&#8220;off&#8220; border_color=&#8220;#ffffff&#8220; border_style=&#8220;solid&#8220; text_text_color=&#8220;#323745&#8243; text_font_size=&#8220;16&#8243;]<\/p>\n<h3><img loading=\"lazy\" decoding=\"async\" class=\"alignnone wp-image-157 size-full\" src=\"https:\/\/www.addfinwealth.com\/wp-content\/uploads\/2016\/06\/graph_031a.png\" alt=\"graph_031a\" width=\"123\" height=\"113\" \/><\/h3>\n<p>Die ADDFINWEALTH Application ist eine intuitive web-basierte Service-L\u00f6sung f\u00fcr Verm\u00f6gensverwalter, die f\u00fcr ihren gesamten Investitions- und Arbeitsprozess einen institutionellen Standard erwarten[\/et_pb_text][\/et_pb_column][et_pb_column type=&#8220;1_3&#8243;][et_pb_text admin_label=&#8220;Service&#8220; background_layout=&#8220;light&#8220; text_orientation=&#8220;left&#8220; use_border_color=&#8220;off&#8220; border_color=&#8220;#ffffff&#8220; border_style=&#8220;solid&#8220; text_text_color=&#8220;#323745&#8243; text_font_size=&#8220;16&#8243;]<\/p>\n<h3><img loading=\"lazy\" decoding=\"async\" class=\"alignnone wp-image-159 size-full\" src=\"https:\/\/www.addfinwealth.com\/wp-content\/uploads\/2016\/06\/graph_031d.png\" alt=\"graph_031d\" width=\"76\" height=\"112\" \/><\/h3>\n<p>ADDFINSERVICE unterst\u00fctzt die Verm\u00f6gensverwalter bei der Verwaltung und Umsetzung des t\u00e4glichen Workflows. Teile oder der gesamte Arbeitsprozess aus dem Front-, Mittel- und Backoffice k\u00f6nnen delegiert und an ADDFINSERVICE ausgelagert werden.[\/et_pb_text][\/et_pb_column][et_pb_column type=&#8220;1_3&#8243;][et_pb_text admin_label=&#8220;Academy&#8220; background_layout=&#8220;light&#8220; text_orientation=&#8220;left&#8220; use_border_color=&#8220;off&#8220; border_color=&#8220;#ffffff&#8220; border_style=&#8220;solid&#8220; text_text_color=&#8220;#323745&#8243; text_font_size=&#8220;16&#8243;]<\/p>\n<h3><img loading=\"lazy\" decoding=\"async\" class=\"alignnone wp-image-156 size-full\" src=\"https:\/\/www.addfinwealth.com\/wp-content\/uploads\/2016\/06\/graph_031b.png\" alt=\"graph_031b\" width=\"90\" height=\"96\" \/><\/h3>\n<p>ADDFINCIRCLE liefert einen tiefgehenden, aktuellen Wissenstransfer, den Verm\u00f6gensverwalter in diesem dynamischen Umfeld ben\u00f6tigen. Zu den Themen geh\u00f6ren die Berichterstattung \u00fcber Compliance- und Investitionsfragen sowie verwandte Bereiche wie rechtliche oder wirtschaftliche Interessen.[\/et_pb_text][\/et_pb_column][\/et_pb_row][\/et_pb_section][et_pb_section admin_label=&#8220;section&#8220; fullwidth=&#8220;off&#8220; transparent_background=&#8220;on&#8220; background_color=&#8220;#ffffff&#8220; allow_player_pause=&#8220;off&#8220; inner_shadow=&#8220;off&#8220; parallax=&#8220;off&#8220; parallax_method=&#8220;off&#8220; padding_mobile=&#8220;off&#8220; make_fullwidth=&#8220;off&#8220; use_custom_width=&#8220;off&#8220; width_unit=&#8220;on&#8220; make_equal=&#8220;off&#8220; use_custom_gutter=&#8220;off&#8220;][et_pb_row admin_label=&#8220;row&#8220;][et_pb_column type=&#8220;1_3&#8243;][et_pb_blurb admin_label=&#8220;Solution for WM&#8220; title=&#8220;L\u00f6sungen f\u00fcr Verm\u00f6gensverwalter&#8220; url_new_window=&#8220;off&#8220; animation=&#8220;off&#8220; background_layout=&#8220;light&#8220; text_orientation=&#8220;left&#8220; icon_placement=&#8220;left&#8220; font_icon=&#8220;%%101%%&#8220; use_icon=&#8220;on&#8220; use_circle=&#8220;off&#8220; use_circle_border=&#8220;off&#8220; icon_color=&#8220;#7c4dd5&#8243; circle_color=&#8220;#7c4dd5&#8243; circle_border_color=&#8220;#2caaca&#8220; use_icon_font_size=&#8220;off&#8220; use_border_color=&#8220;off&#8220; border_color=&#8220;#ffffff&#8220; border_style=&#8220;solid&#8220;]Wir bieten die Werkzeuge, Dienstleistungen und das Training[\/et_pb_blurb][\/et_pb_column][et_pb_column type=&#8220;1_3&#8243;][et_pb_blurb admin_label=&#8220;Solution for Family Offices&#8220; title=&#8220;L\u00f6sungen f\u00fcr Verm\u00f6gensverwalter Family Offices&#8220; url_new_window=&#8220;off&#8220; animation=&#8220;off&#8220; background_layout=&#8220;light&#8220; text_orientation=&#8220;left&#8220; icon_placement=&#8220;left&#8220; font_icon=&#8220;%%102%%&#8220; use_icon=&#8220;on&#8220; use_circle=&#8220;off&#8220; use_circle_border=&#8220;off&#8220; icon_color=&#8220;#7c4dd5&#8243; circle_color=&#8220;#7c4dd5&#8243; circle_border_color=&#8220;#2caaca&#8220; use_icon_font_size=&#8220;off&#8220; use_border_color=&#8220;off&#8220; border_color=&#8220;#ffffff&#8220; border_style=&#8220;solid&#8220;]Fortschrittliche CRM-L\u00f6sungen, um mehr als nur die Kundenbeziehung zu verfolgen[\/et_pb_blurb][\/et_pb_column][et_pb_column type=&#8220;1_3&#8243;][et_pb_blurb admin_label=&#8220;Finanz Dienstleistungen&#8220; title=&#8220;Finanz Dienstleistungen&#8220; url_new_window=&#8220;off&#8220; animation=&#8220;off&#8220; background_layout=&#8220;light&#8220; text_orientation=&#8220;left&#8220; icon_placement=&#8220;left&#8220; font_icon=&#8220;%%175%%&#8220; use_icon=&#8220;on&#8220; use_circle=&#8220;off&#8220; use_circle_border=&#8220;off&#8220; icon_color=&#8220;#7c4dd5&#8243; circle_color=&#8220;#7c4dd5&#8243; circle_border_color=&#8220;#2caaca&#8220; url=&#8220;\/services&#8220; use_icon_font_size=&#8220;off&#8220; use_border_color=&#8220;off&#8220; border_color=&#8220;#ffffff&#8220; border_style=&#8220;solid&#8220;]Wir verwalten Ihr Back-Office, damit Sie sich um Ihre Kunden k\u00fcmmern k\u00f6nnen[\/et_pb_blurb][\/et_pb_column][\/et_pb_row][et_pb_row admin_label=&#8220;row&#8220;][et_pb_column type=&#8220;1_3&#8243;][et_pb_blurb admin_label=&#8220;Financial information&#8220; title=&#8220;Finanz-Informationen&#8220; url_new_window=&#8220;off&#8220; animation=&#8220;off&#8220; background_layout=&#8220;light&#8220; text_orientation=&#8220;left&#8220; icon_placement=&#8220;left&#8220; font_icon=&#8220;%%158%%&#8220; use_icon=&#8220;on&#8220; use_circle=&#8220;off&#8220; use_circle_border=&#8220;off&#8220; icon_color=&#8220;#7c4dd5&#8243; circle_color=&#8220;#7c4dd5&#8243; circle_border_color=&#8220;#2caaca&#8220; use_icon_font_size=&#8220;off&#8220; use_border_color=&#8220;off&#8220; border_color=&#8220;#ffffff&#8220; border_style=&#8220;solid&#8220;]Wir liefern Ihnen die aktuellen Finanz-Informationen durch SIX Financial Information und Fundinfo[\/et_pb_blurb][\/et_pb_column][et_pb_column type=&#8220;1_3&#8243;][et_pb_blurb admin_label=&#8220;Fin Training&#8220; title=&#8220;Finanz-Training&#8220; url_new_window=&#8220;off&#8220; animation=&#8220;off&#8220; background_layout=&#8220;light&#8220; text_orientation=&#8220;left&#8220; icon_placement=&#8220;left&#8220; font_icon=&#8220;%%75%%&#8220; use_icon=&#8220;on&#8220; use_circle=&#8220;off&#8220; use_circle_border=&#8220;off&#8220; icon_color=&#8220;#7c4dd5&#8243; circle_color=&#8220;#7c4dd5&#8243; circle_border_color=&#8220;#2caaca&#8220; use_icon_font_size=&#8220;off&#8220; use_border_color=&#8220;off&#8220; border_color=&#8220;#ffffff&#8220; border_style=&#8220;solid&#8220;]Mit uns bleiben Verm\u00f6gensverwalter auf dem neusten Stand[\/et_pb_blurb][\/et_pb_column][et_pb_column type=&#8220;1_3&#8243;][et_pb_blurb admin_label=&#8220;Hosting\/security&#8220; title=&#8220;Sicherheit&#8220; url_new_window=&#8220;off&#8220; animation=&#8220;off&#8220; background_layout=&#8220;light&#8220; text_orientation=&#8220;left&#8220; icon_placement=&#8220;left&#8220; font_icon=&#8220;%%93%%&#8220; use_icon=&#8220;on&#8220; use_circle=&#8220;off&#8220; use_circle_border=&#8220;off&#8220; icon_color=&#8220;#7c4dd5&#8243; circle_color=&#8220;#7c4dd5&#8243; circle_border_color=&#8220;#2caaca&#8220; use_icon_font_size=&#8220;off&#8220; use_border_color=&#8220;off&#8220; border_color=&#8220;#ffffff&#8220; border_style=&#8220;solid&#8220;]Alle unsere Dienstleistungen k\u00f6nnen vor Ort gehostet werden. Wir bieten verschiedene M\u00f6glichkeiten und Stufen des Hosting und Sicherheit. Ihre Daten sind bei uns sicher![\/et_pb_blurb][\/et_pb_column][\/et_pb_row][\/et_pb_section][et_pb_section admin_label=&#8220;section&#8220; fullwidth=&#8220;off&#8220; background_color=&#8220;#22262e&#8220; inner_shadow=&#8220;off&#8220; parallax=&#8220;on&#8220; background_image=&#8220;https:\/\/www.addfinwealth.com\/wp-content\/uploads\/2016\/06\/buildings-480659_1920.jpg&#8220; transparent_background=&#8220;off&#8220; allow_player_pause=&#8220;off&#8220; parallax_method=&#8220;off&#8220; padding_mobile=&#8220;off&#8220; make_fullwidth=&#8220;off&#8220; use_custom_width=&#8220;off&#8220; width_unit=&#8220;on&#8220; make_equal=&#8220;off&#8220; use_custom_gutter=&#8220;off&#8220;][et_pb_row admin_label=&#8220;row&#8220;][et_pb_column type=&#8220;4_4&#8243;][et_pb_text admin_label=&#8220;Text&#8220; background_layout=&#8220;dark&#8220; text_orientation=&#8220;center&#8220; use_border_color=&#8220;off&#8220; border_color=&#8220;#ffffff&#8220; border_style=&#8220;solid&#8220;]<\/p>\n<h2>Effizienter mit ADDFINWEALTH<\/h2>\n<p>[\/et_pb_text][\/et_pb_column][\/et_pb_row][\/et_pb_section][et_pb_section admin_label=&#8220;section&#8220; fullwidth=&#8220;off&#8220; background_color=&#8220;rgba(204,204,204,0.7)&#8220; inner_shadow=&#8220;off&#8220; parallax=&#8220;off&#8220; transparent_background=&#8220;off&#8220; allow_player_pause=&#8220;off&#8220; parallax_method=&#8220;off&#8220; padding_mobile=&#8220;off&#8220; make_fullwidth=&#8220;off&#8220; use_custom_width=&#8220;off&#8220; width_unit=&#8220;on&#8220; make_equal=&#8220;off&#8220; use_custom_gutter=&#8220;off&#8220;][et_pb_row admin_label=&#8220;row&#8220;][et_pb_column type=&#8220;4_4&#8243;][et_pb_text admin_label=&#8220;Text&#8220; background_layout=&#8220;light&#8220; text_orientation=&#8220;center&#8220; use_border_color=&#8220;off&#8220; border_color=&#8220;#ffffff&#8220; border_style=&#8220;solid&#8220; text_font_size=&#8220;16&#8243;]<\/p>\n<h1><img loading=\"lazy\" decoding=\"async\" class=\"aligncenter size-medium wp-image-87\" src=\"http:\/\/web.addfin.com\/wordpress\/wp-content\/uploads\/2016\/06\/logo_addfin_Wealth_v00-300x37.png\" alt=\"logo_addfin_Wealth_v00\" width=\"300\" height=\"37\" srcset=\"https:\/\/www.addfinwealth.com\/wp-content\/uploads\/2016\/06\/logo_addfin_Wealth_v00-300x37.png 300w, https:\/\/www.addfinwealth.com\/wp-content\/uploads\/2016\/06\/logo_addfin_Wealth_v00.png 589w\" sizes=\"(max-width: 300px) 100vw, 300px\" \/><\/h1>\n<p style=\"text-align: center;\">ADDFINWEALTH, die neue digitale Verm\u00f6gensverwaltung.<br \/>\nHilft Ihnen, Ihr B\u00fcro sowie Ihre Kunden zu verwalten, Ihr Gesch\u00e4ft weiter auszudehnen und k\u00fcmmert sich um die Compliance \u2013 alles aus einer Hand.<\/p>\n<p>[\/et_pb_text][\/et_pb_column][\/et_pb_row][et_pb_row admin_label=&#8220;row&#8220; make_fullwidth=&#8220;off&#8220; use_custom_width=&#8220;off&#8220; width_unit=&#8220;on&#8220; use_custom_gutter=&#8220;off&#8220; padding_mobile=&#8220;off&#8220; allow_player_pause=&#8220;off&#8220; parallax=&#8220;off&#8220; parallax_method=&#8220;off&#8220; make_equal=&#8220;off&#8220; parallax_1=&#8220;off&#8220; parallax_method_1=&#8220;off&#8220; parallax_2=&#8220;off&#8220; parallax_method_2=&#8220;off&#8220; parallax_3=&#8220;off&#8220; parallax_method_3=&#8220;off&#8220; column_padding_mobile=&#8220;on&#8220;][et_pb_column type=&#8220;1_2&#8243;][et_pb_image admin_label=&#8220;Image&#8220; src=&#8220;https:\/\/www.addfinwealth.com\/wp-content\/uploads\/2016\/06\/ipad.png&#8220; show_in_lightbox=&#8220;off&#8220; url_new_window=&#8220;off&#8220; use_overlay=&#8220;off&#8220; animation=&#8220;left&#8220; sticky=&#8220;off&#8220; align=&#8220;left&#8220; force_fullwidth=&#8220;off&#8220; always_center_on_mobile=&#8220;on&#8220; use_border_color=&#8220;off&#8220; border_color=&#8220;#ffffff&#8220; border_style=&#8220;solid&#8220;] [\/et_pb_image][et_pb_button admin_label=&#8220;Button&#8220; button_url=&#8220;#&#8220; url_new_window=&#8220;off&#8220; button_text=&#8220;Frage Sie f\u00fcr eine Pr\u00e4sentation&#8220; button_alignment=&#8220;center&#8220; background_layout=&#8220;light&#8220; custom_button=&#8220;on&#8220; button_letter_spacing=&#8220;0&#8243; button_use_icon=&#8220;default&#8220; button_icon_placement=&#8220;right&#8220; button_on_hover=&#8220;on&#8220; button_letter_spacing_hover=&#8220;0&#8243; button_text_color=&#8220;#323745&#8243; button_border_color=&#8220;#323745&#8243; button_icon_color=&#8220;#323745&#8243; button_text_color_hover=&#8220;#323745&#8243; button_bg_color_hover=&#8220;#ffffff&#8220; button_border_color_hover=&#8220;#323745&#8243;] [\/et_pb_button][\/et_pb_column][et_pb_column type=&#8220;1_2&#8243;][et_pb_text admin_label=&#8220;Text&#8220; background_layout=&#8220;light&#8220; text_orientation=&#8220;left&#8220; use_border_color=&#8220;off&#8220; border_color=&#8220;#ffffff&#8220; border_style=&#8220;solid&#8220; text_font_size=&#8220;16&#8243;]<\/p>\n<h2>Main\u00a0features<\/h2>\n<ul>\n<li><strong>CRM &amp; Verkaufssupport<\/strong>\n<ul>\n<li>Legale Compliance und Regel\u00fcberwachung<\/li>\n<li>Forschungs- &amp; Investmentinformationen<\/li>\n<li>Strategieauswahl durch institutionale Standards<\/li>\n<li>Portfolio-Simulationen<\/li>\n<li>Benchmarking<\/li>\n<li>Handelsliste<\/li>\n<li>Verbindungen zu externen Portfolios<\/li>\n<\/ul>\n<\/li>\n<li><strong>Compliance<\/strong>\n<ul>\n<li>Identifikation<\/li>\n<li>Erstellung des Risikoprofils<\/li>\n<li>Compliance \u2013 Checklisten<\/li>\n<li>Compliance Workflow<\/li>\n<li>Compliance Dokumentation<\/li>\n<li>PEP Check \/ PIB Informationen<\/li>\n<li>Automatisierte Generation von Compliance-Formularen und -Berichten<\/li>\n<li>Audit-Tracking (\u00c4nderungsprotokoll)<\/li>\n<\/ul>\n<\/li>\n<li><strong>Portfolio Management<\/strong>\n<ul>\n<li>Banking-Interface<\/li>\n<li>Konsolidierung<\/li>\n<li>Transaktionslisten<\/li>\n<li>Geb\u00fchren-Transparenz<\/li>\n<li>Protokolle und Berichte<\/li>\n<li>Portfolio-Simulation<\/li>\n<li>Benchmarking<\/li>\n<li>Finanz-Feed<\/li>\n<\/ul>\n<\/li>\n<li><strong>Finanz Informationen<\/strong>\n<ul>\n<li>FundInfo Dokumentation<\/li>\n<li>SIX FInancial Information\n<ul>\n<li>Produkte<\/li>\n<li>Indexe<\/li>\n<li>W\u00e4hrungen<\/li>\n<\/ul>\n<\/li>\n<\/ul>\n<\/li>\n<\/ul>\n<p>&nbsp;[\/et_pb_text][\/et_pb_column][\/et_pb_row][\/et_pb_section][et_pb_section admin_label=&#8220;section&#8220; fullwidth=&#8220;off&#8220; background_color=&#8220;#323745&#8243; inner_shadow=&#8220;off&#8220; parallax=&#8220;off&#8220; transparent_background=&#8220;off&#8220; allow_player_pause=&#8220;off&#8220; parallax_method=&#8220;off&#8220; padding_mobile=&#8220;off&#8220; make_fullwidth=&#8220;off&#8220; use_custom_width=&#8220;off&#8220; width_unit=&#8220;on&#8220; make_equal=&#8220;off&#8220; use_custom_gutter=&#8220;off&#8220;][et_pb_row admin_label=&#8220;row&#8220; make_fullwidth=&#8220;off&#8220; use_custom_width=&#8220;off&#8220; width_unit=&#8220;on&#8220; use_custom_gutter=&#8220;off&#8220; padding_mobile=&#8220;off&#8220; allow_player_pause=&#8220;off&#8220; parallax=&#8220;off&#8220; parallax_method=&#8220;off&#8220; make_equal=&#8220;off&#8220; parallax_1=&#8220;off&#8220; parallax_method_1=&#8220;off&#8220; column_padding_mobile=&#8220;on&#8220;][et_pb_column type=&#8220;4_4&#8243;][et_pb_cta admin_label=&#8220;Call To Action&#8220; background_color=&#8220;#7ebec5&#8243; use_background_color=&#8220;off&#8220; background_layout=&#8220;dark&#8220; text_orientation=&#8220;center&#8220; button_url=&#8220;mailto:info@addfin.com&#8220; button_text=&#8220;Kontaktieren Sie uns&#8220; url_new_window=&#8220;off&#8220; use_border_color=&#8220;off&#8220; border_color=&#8220;#ffffff&#8220; border_style=&#8220;solid&#8220; custom_button=&#8220;on&#8220; button_letter_spacing=&#8220;0&#8243; button_use_icon=&#8220;on&#8220; button_icon_placement=&#8220;right&#8220; button_on_hover=&#8220;on&#8220; button_letter_spacing_hover=&#8220;0&#8243; button_text_color=&#8220;#ffffff&#8220; button_icon=&#8220;%%109%%&#8220;]<\/p>\n<h2 style=\"text-align: center;\">Kontaktieren Sie uns f\u00fcr weitere Informationen<\/h2>\n<h3 style=\"text-align: center;\">Tel: +41 44\u00a0520 38 30<\/h3>\n<p>[\/et_pb_cta][\/et_pb_column][\/et_pb_row][\/et_pb_section]<\/p>\n","protected":false},"excerpt":{"rendered":"<p>Wir bieten umfangreiche, auf unsere Kunden zugeschnittene Dienstleistungen und Webl\u00f6sungen an, um aktuelle und zuk\u00fcnftige Herausforderungen im Finanzmarkt bew\u00e4ltigen zu k\u00f6nnen.IHRE KUNDENBEZIEHUNGEN Jeder Aspekt der Entscheidungsfindung wird allein und als Teil des Gesamtprozesses ber\u00fccksichtigt. Durch eine spezifische f\u00fcr Verm\u00f6gensverwalter erstelltes CRM-Tool k\u00f6nnen wir Ihnen helfen, proaktiv alle Stufen Ihrer Arbeit zu unterst\u00fctzen. CRM &amp; Verkaufssupport [&hellip;]<\/p>\n","protected":false},"author":2,"featured_media":0,"parent":0,"menu_order":0,"comment_status":"closed","ping_status":"closed","template":"","meta":{"_et_pb_use_builder":"on","_et_pb_old_content":"","_et_gb_content_width":"","_exactmetrics_skip_tracking":false,"_exactmetrics_sitenote_active":false,"_exactmetrics_sitenote_note":"","_exactmetrics_sitenote_category":0,"footnotes":""},"class_list":["post-329","page","type-page","status-publish","hentry"],"_links":{"self":[{"href":"https:\/\/www.addfinwealth.com\/de\/wp-json\/wp\/v2\/pages\/329","targetHints":{"allow":["GET"]}}],"collection":[{"href":"https:\/\/www.addfinwealth.com\/de\/wp-json\/wp\/v2\/pages"}],"about":[{"href":"https:\/\/www.addfinwealth.com\/de\/wp-json\/wp\/v2\/types\/page"}],"author":[{"embeddable":true,"href":"https:\/\/www.addfinwealth.com\/de\/wp-json\/wp\/v2\/users\/2"}],"replies":[{"embeddable":true,"href":"https:\/\/www.addfinwealth.com\/de\/wp-json\/wp\/v2\/comments?post=329"}],"version-history":[{"count":32,"href":"https:\/\/www.addfinwealth.com\/de\/wp-json\/wp\/v2\/pages\/329\/revisions"}],"predecessor-version":[{"id":361,"href":"https:\/\/www.addfinwealth.com\/de\/wp-json\/wp\/v2\/pages\/329\/revisions\/361"}],"wp:attachment":[{"href":"https:\/\/www.addfinwealth.com\/de\/wp-json\/wp\/v2\/media?parent=329"}],"curies":[{"name":"wp","href":"https:\/\/api.w.org\/{rel}","templated":true}]}}